{"id":11160,"date":"2024-08-01T12:30:16","date_gmt":"2024-08-01T12:30:16","guid":{"rendered":"https:\/\/italianshortrent.com\/informativa-sulla-privacy\/"},"modified":"2024-10-15T07:37:38","modified_gmt":"2024-10-15T07:37:38","slug":"privacy-policy","status":"publish","type":"page","link":"https:\/\/italianshortrent.com\/it\/privacy-policy\/","title":{"rendered":"Privacy Policy"},"content":{"rendered":"<p><strong>AI SENSI DEGLI ARTICOLI 13 E 14 DEL REGOLAMENTO (UE) 2016\/679<\/strong><\/p>\n<p>Gentile utente,<\/p>\n<p>il presente documento Le viene consegnato in ottemperanza agli articoli 13 e 14 del Regolamento UE 2016\/679 (cd. GDPR) che, in materia di gestione dei dati personali, prevede l\u2019obbligo per il titolare del trattamento che raccolga dati presso l\u2019interessato di dare a quest\u2019ultimo, in quanto persona fisica, una serie di specifiche informazioni riguardo la loro gestione.<\/p>\n<p>A questi fini, perci\u00f2, Le consegniamo la presente informativa contenente le informazioni relative al trattamento dei dati personali che saranno da Lei forniti per il tramite del nostro sito.<\/p>\n<p><strong>ART.1 &#8211; IDENTITA\u2019 E DATI DI CONTATTO DEL TITOLARE DEL TRATTAMENTO <\/strong><\/p>\n<p>Il titolare del trattamento dei dati personali da Lei forniti sar\u00e0 Consolo Real Espace S.r.l., P.IVA IT08707840966, con sede legale in Via Monviso 14 &#8211; 20154 Milano (MI), i cui dati di contatto sono i seguenti:<\/p>\n<p>Numero telefonico +39 33 4670 7464<\/p>\n<p>Indirizzo e-mail: info@italianshortrent.com.<\/p>\n<p><strong>ART.2 &#8211; DATI DI CONTATTO DEL RESPONSABILE DELLA PROTEZIONE DEI DATI (DPO) <\/strong><\/p>\n<p>La specifica tipologia di trattamento dei dati, nonch\u00e9 dell\u2019attivit\u00e0 professionale esercitata, non prevedono l\u2019obbligatoriet\u00e0 della nomina di un responsabile della protezione dei dati.<\/p>\n<p><strong>ART.3 \u2013 CARATTERISTICHE DEL TRATTAMENTO <\/strong><\/p>\n<p>Le caratteristiche del trattamento dei dati personali saranno le seguenti:<\/p>\n<p>Finalit\u00e0 1: dare seguito alla Sua richiesta di essere ricontattato per ricevere maggiori informazioni o assistenza sui nostri servizi<\/p>\n<p>Dati trattati: dati anagrafici, di contatto<\/p>\n<p>base giuridica: esecuzione di un contratto<\/p>\n<p>periodo di conservazione: 1 anno<\/p>\n<p>&nbsp;<\/p>\n<p>Il sito prevede inoltre l\u2019utilizzo di Cookies, per i quali si rinvia all\u2019apposita sezione informativa.<\/p>\n<p><strong>ART.4 &#8211; DESTINATARI DEI DATI PERSONALI <\/strong><\/p>\n<p>Il trattamento potr\u00e0 avvenire anche per il tramite di fornitori di servizi informatici, di marketing ed amministrativi.<\/p>\n<p><strong>ART.5 &#8211; TRASFERIMENTO DATI A PAESI EXTRA UE O ORGANIZZAZIONI INTERNAZIONALI<\/strong><\/p>\n<p>Il trattamento non prevede il trasferimento dei dati a paesi extra UE o organizzazioni internazionali.<\/p>\n<p><strong>ART.6 \u2013 DIRITTI DELL\u2019INTERESSATO <\/strong><\/p>\n<p>L\u2019interessato ha diritto di chiedere al titolare del trattamento l\u2019accesso ai dati personali, la rettifica o la cancellazione degli stessi; pu\u00f2 altres\u00ec revocare il consenso, chiedere la limitazione del trattamento, opporsi allo stesso, ed esercitare il diritto di portabilit\u00e0 dei dati.<\/p>\n<p><strong>ART.7 \u2013 RECLAMO <\/strong><\/p>\n<p>L\u2019interessato ha diritto di proporre reclamo ad un\u2019autorit\u00e0 di controllo.<\/p>\n<p><strong>ART.8 \u2013 OBBLIGO O NECESSITA\u2019 DEL CONFERIMENTO DEI DATI <\/strong><\/p>\n<p>In tutti quei casi in cui chiediamo il consenso al trattamento dei dati personali, il loro conferimento \u00e8 meramente facoltativo. Di conseguenza, il mancato conferimento dei dati personali non avr\u00e0 conseguenze, se non in termini di impossibilit\u00e0 di trattare i dati per tali specifiche finalit\u00e0.<\/p>\n<p>In tutti gli altri casi in cui non richiediamo il consenso al trattamento dei dati personali, il loro conferimento \u00e8 invece obbligatorio e necessario per adempiere a disposizioni contrattuali o di legge e ai fini del corretto svolgimento dell\u2019attivit\u00e0 aziendale. Di conseguenza, il mancato conferimento non renderebbe possibile adempiere a tali prescrizioni e svolgere correttamente le attivit\u00e0 aziendali.<\/p>\n<p><strong><em>\u00a0<\/em><\/strong><\/p>\n<p><strong><em>In fede, <\/em><\/strong>01 Agosto 2024 &#8211; Consolo Real Espace S.r.l.<\/p>\n","protected":false},"excerpt":{"rendered":"<p>AI SENSI DEGLI ARTICOLI 13 E 14 DEL REGOLAMENTO (UE) 2016\/679 Gentile utente, il presente documento Le viene consegnato in ottemperanza agli articoli 13 e 14 del Regolamento UE 2016\/679 (cd. GDPR) che, in materia di gestione dei dati personali, prevede l\u2019obbligo per il titolare del trattamento che raccolga dati presso l\u2019interessato di dare a&#8230;<\/p>\n","protected":false},"author":55,"featured_media":0,"parent":0,"menu_order":0,"comment_status":"closed","ping_status":"closed","template":"","meta":{"_seopress_robots_primary_cat":"0","_seopress_titles_title":"","_seopress_titles_desc":"","_seopress_robots_index":"","iawp_total_views":5,"footnotes":""},"class_list":["post-11160","page","type-page","status-publish","hentry"],"_links":{"self":[{"href":"https:\/\/italianshortrent.com\/it\/wp-json\/wp\/v2\/pages\/11160","targetHints":{"allow":["GET"]}}],"collection":[{"href":"https:\/\/italianshortrent.com\/it\/wp-json\/wp\/v2\/pages"}],"about":[{"href":"https:\/\/italianshortrent.com\/it\/wp-json\/wp\/v2\/types\/page"}],"author":[{"embeddable":true,"href":"https:\/\/italianshortrent.com\/it\/wp-json\/wp\/v2\/users\/55"}],"replies":[{"embeddable":true,"href":"https:\/\/italianshortrent.com\/it\/wp-json\/wp\/v2\/comments?post=11160"}],"version-history":[{"count":11,"href":"https:\/\/italianshortrent.com\/it\/wp-json\/wp\/v2\/pages\/11160\/revisions"}],"predecessor-version":[{"id":11415,"href":"https:\/\/italianshortrent.com\/it\/wp-json\/wp\/v2\/pages\/11160\/revisions\/11415"}],"wp:attachment":[{"href":"https:\/\/italianshortrent.com\/it\/wp-json\/wp\/v2\/media?parent=11160"}],"curies":[{"name":"wp","href":"https:\/\/api.w.org\/{rel}","templated":true}]}}